{"id":72,"date":"2024-06-26T11:13:42","date_gmt":"2024-06-26T11:13:42","guid":{"rendered":"https:\/\/www.xn--dr-hofstdter-ncb.at\/?page_id=72"},"modified":"2025-12-15T08:15:14","modified_gmt":"2025-12-15T08:15:14","slug":"rezeptbox","status":"publish","type":"page","link":"https:\/\/www.xn--dr-hofstdter-ncb.at\/?page_id=72","title":{"rendered":"RezeptBox"},"content":{"rendered":"<p><div class=\"fusion-fullwidth fullwidth-box fusion-builder-row-1 fusion-flex-container has-pattern-background has-mask-background nonhundred-percent-fullwidth non-hundred-percent-height-scrolling\" style=\"background-color: rgba(255,255,255,0);background-position: center center;background-repeat: no-repeat;border-width: 0px 0px 0px 0px;border-color:var(--awb-color3);border-style:solid;\" ><div class=\"fusion-builder-row fusion-row fusion-flex-align-items-flex-start\" style=\"max-width:1248px;margin-left: calc(-4% \/ 2 );margin-right: calc(-4% \/ 2 );\"><div class=\"fusion-layout-column fusion_builder_column fusion-builder-column-0 fusion_builder_column_1_1 1_1 fusion-flex-column fusion-animated\" data-animationType=\"fadeInRight\" data-animationDuration=\"1.3\" data-animationOffset=\"top-into-view\"><div class=\"fusion-column-wrapper fusion-flex-justify-content-center fusion-content-layout-column\" style=\"background-position:left top;background-repeat:no-repeat;-webkit-background-size:cover;-moz-background-size:cover;-o-background-size:cover;background-size:cover;padding: 0px 5vw 0px 5vw;\"><div style=\"text-align:center;\"><style>.fusion-imageframe.imageframe-1{ margin-bottom : 20px;}<\/style><span class=\" fusion-imageframe imageframe-none imageframe-1 hover-type-none\"><img decoding=\"async\" width=\"300\" height=\"57\" title=\"logo-600&#215;113\" src=\"https:\/\/www.xn--dr-hofstdter-ncb.at\/wp-content\/uploads\/2025\/12\/logo-600x113-1-300x57.png\" alt class=\"img-responsive wp-image-91\" srcset=\"https:\/\/www.xn--dr-hofstdter-ncb.at\/wp-content\/uploads\/2025\/12\/logo-600x113-1-200x38.png 200w, https:\/\/www.xn--dr-hofstdter-ncb.at\/wp-content\/uploads\/2025\/12\/logo-600x113-1-400x75.png 400w, https:\/\/www.xn--dr-hofstdter-ncb.at\/wp-content\/uploads\/2025\/12\/logo-600x113-1.png 600w\" sizes=\"(max-width: 640px) 100vw, 300px\" \/><\/span><\/div><div class=\"fusion-text fusion-text-1 fusion-text-no-margin\" style=\"text-align:justify;font-size:20px;line-height:1.7;letter-spacing:-1px;text-transform:var(--awb-typography4-text-transform);color:#140a0e;font-family:&quot;IBM Plex Sans&quot;;font-weight:400;margin-right:2%;margin-bottom:50px;margin-left:2%;\"><p>Hier haben Sie die M\u00f6glichkeit Ihre Medikamente vorzubestellen. Wenn Sie eine neue Bestellung aufgeben m\u00f6chten, klicken Sie bitte auf den Button &#8222;MEDIKAMENTE BESTELLEN&#8220;. Haben Sie bereits eine Bestellung get\u00e4tigt und wollen dessen Status abfragen w\u00e4hlen Sie bitte den Button &#8222;BESTELLSTATUS \u00dcBERPR\u00dcFEN&#8220;.<\/p>\n<\/div><\/div><style type=\"text\/css\">.fusion-body .fusion-builder-column-0{width:100% !important;margin-top : 0px;margin-bottom : 0px;}.fusion-builder-column-0 > .fusion-column-wrapper {padding-top : 0px !important;padding-right : 5vw !important;margin-right : 1.92%;padding-bottom : 0px !important;padding-left : 5vw !important;margin-left : 2.304%;}@media only screen and (max-width:1024px) {.fusion-body .fusion-builder-column-0{width:60% !important;order : 0;}.fusion-builder-column-0 > .fusion-column-wrapper {padding-right : 0px !important;margin-right : 3.2%;padding-left : 0px !important;margin-left : 3.84%;}}@media only screen and (max-width:640px) {.fusion-body .fusion-builder-column-0{width:100% !important;order : 1;margin-bottom : 0px;}.fusion-builder-column-0 > .fusion-column-wrapper {margin-right : 1.92%;margin-left : 1.92%;}}<\/style><\/div><\/div><style type=\"text\/css\">.fusion-body .fusion-flex-container.fusion-builder-row-1{ padding-top : 0px;margin-top : 0px;padding-right : 0px;padding-bottom : 0px;margin-bottom : 0px;padding-left : 0px;}<\/style><\/div><div class=\"fusion-fullwidth fullwidth-box fusion-builder-row-2 fusion-flex-container has-pattern-background has-mask-background nonhundred-percent-fullwidth non-hundred-percent-height-scrolling\" style=\"background-color: rgba(255,255,255,0);background-position: center center;background-repeat: no-repeat;border-width: 0px 0px 0px 0px;border-color:var(--awb-color3);border-style:solid;\" ><div class=\"fusion-builder-row fusion-row fusion-flex-align-items-flex-start\" style=\"max-width:1248px;margin-left: calc(-4% \/ 2 );margin-right: calc(-4% \/ 2 );\"><div class=\"fusion-layout-column fusion_builder_column fusion-builder-column-1 fusion_builder_column_1_2 1_2 fusion-flex-column\"><div class=\"fusion-column-wrapper fusion-flex-justify-content-flex-start fusion-content-layout-column\" style=\"background-position:left top;background-repeat:no-repeat;-webkit-background-size:cover;-moz-background-size:cover;-o-background-size:cover;background-size:cover;padding: 0px 0px 0px 0px;\"><div class=\"fusion-text fusion-text-2\"><div class=\"elementor-icon-box-content\">\n<h3 class=\"elementor-icon-box-title fusion-responsive-typography-calculated\" data-fontsize=\"36\" data-lineheight=\"43.2px\">eRezept bestellen<\/h3>\n<p class=\"elementor-icon-box-description\">Nutzen Sie die neue &#8222;Rezeptbox&#8220; &#8211; Ihr direkter Draht zur Rezept-bestellung. Anonym, schnell und trotzdem mit R\u00fcckmeldung an Sie!<\/p>\n<\/div>\n<\/div><div style=\"text-align:center;\"><style>.fusion-body .fusion-button.button-1{border-radius:4px 4px 4px 4px;}.fusion-body .fusion-button.button-1 .fusion-button-text{text-transform:uppercase;}<\/style><a class=\"fusion-button button-flat fusion-button-default-size button-default button-1 fusion-button-default-span fusion-button-default-type\" target=\"_blank\" rel=\"noopener noreferrer\" href=\"https:\/\/www.rezeptbox.at\/dr-hofstaedter\"><i class=\"fa-pills fas button-icon-left\" aria-hidden=\"true\"><\/i><span class=\"fusion-button-text\">Medikamente Bestellen<\/span><\/a><\/div><\/div><style type=\"text\/css\">.fusion-body .fusion-builder-column-1{width:50% !important;margin-top : 0px;margin-bottom : 50px;}.fusion-builder-column-1 > .fusion-column-wrapper {padding-top : 0px !important;padding-right : 0px !important;margin-right : 3.84%;padding-bottom : 0px !important;padding-left : 0px !important;margin-left : 3.84%;}@media only screen and (max-width:1024px) {.fusion-body .fusion-builder-column-1{width:50% !important;order : 0;}.fusion-builder-column-1 > .fusion-column-wrapper {margin-right : 3.84%;margin-left : 3.84%;}}@media only screen and (max-width:640px) {.fusion-body .fusion-builder-column-1{width:100% !important;order : 0;}.fusion-builder-column-1 > .fusion-column-wrapper {margin-right : 1.92%;margin-left : 1.92%;}}<\/style><\/div><div class=\"fusion-layout-column fusion_builder_column fusion-builder-column-2 fusion_builder_column_1_2 1_2 fusion-flex-column\"><div class=\"fusion-column-wrapper fusion-flex-justify-content-flex-start fusion-content-layout-column\" style=\"background-position:left top;background-repeat:no-repeat;-webkit-background-size:cover;-moz-background-size:cover;-o-background-size:cover;background-size:cover;padding: 0px 0px 0px 0px;\"><div class=\"fusion-text fusion-text-3\"><div class=\"elementor-icon-box-content\">\n<div class=\"elementor-icon-box-content\">\n<h3 class=\"elementor-icon-box-title\">eRezept Status<\/h3>\n<p class=\"elementor-icon-box-description\">Wurde meine Rezeptbestellung bereits bearbeitet? Gibt es Gr\u00fcnde warum mein Rezept nicht in der Apotheke ist?<\/p>\n<\/div>\n<\/div>\n<\/div><div style=\"text-align:center;\"><style>.fusion-body .fusion-button.button-2{border-radius:4px 4px 4px 4px;}.fusion-body .fusion-button.button-2 .fusion-button-text{text-transform:uppercase;}<\/style><a class=\"fusion-button button-flat fusion-button-default-size button-default button-2 fusion-button-default-span fusion-button-default-type\" target=\"_self\" href=\"https:\/\/www.rezeptbox.at\/\"><i class=\"fa-search fas button-icon-left\" aria-hidden=\"true\"><\/i><span class=\"fusion-button-text\">Bestellstatus \u00fcberpr\u00fcfen<\/span><\/a><\/div><\/div><style type=\"text\/css\">.fusion-body .fusion-builder-column-2{width:50% !important;margin-top : 0px;margin-bottom : 20px;}.fusion-builder-column-2 > .fusion-column-wrapper {padding-top : 0px !important;padding-right : 0px !important;margin-right : 3.84%;padding-bottom : 0px !important;padding-left : 0px !important;margin-left : 3.84%;}@media only screen and (max-width:1024px) {.fusion-body .fusion-builder-column-2{width:50% !important;order : 0;}.fusion-builder-column-2 > .fusion-column-wrapper {margin-right : 3.84%;margin-left : 3.84%;}}@media only screen and (max-width:640px) {.fusion-body .fusion-builder-column-2{width:100% !important;order : 0;}.fusion-builder-column-2 > .fusion-column-wrapper {margin-right : 1.92%;margin-left : 1.92%;}}<\/style><\/div><\/div><style type=\"text\/css\">.fusion-body .fusion-flex-container.fusion-builder-row-2{ padding-top : 0px;margin-top : 0px;padding-right : 0px;padding-bottom : 0px;margin-bottom : 0px;padding-left : 0px;}<\/style><\/div><\/p>\n","protected":false},"excerpt":{"rendered":"","protected":false},"author":1,"featured_media":0,"parent":0,"menu_order":0,"comment_status":"closed","ping_status":"closed","template":"100-width.php","meta":{"footnotes":""},"class_list":["post-72","page","type-page","status-publish","hentry"],"yoast_head":"<!-- This site is optimized with the Yoast SEO plugin v26.5 - https:\/\/yoast.com\/wordpress\/plugins\/seo\/ -->\n<title>RezeptBox - Gruppenpraxis Dr. Hofst\u00e4dter<\/title>\n<meta name=\"robots\" content=\"index, follow, max-snippet:-1, max-image-preview:large, max-video-preview:-1\" \/>\n<link rel=\"canonical\" href=\"https:\/\/www.xn--dr-hofstdter-ncb.at\/?page_id=72\" \/>\n<meta property=\"og:locale\" content=\"de_DE\" \/>\n<meta property=\"og:type\" content=\"article\" \/>\n<meta property=\"og:title\" content=\"RezeptBox - Gruppenpraxis Dr. Hofst\u00e4dter\" \/>\n<meta property=\"og:url\" content=\"https:\/\/www.xn--dr-hofstdter-ncb.at\/?page_id=72\" \/>\n<meta property=\"og:site_name\" content=\"Gruppenpraxis Dr. Hofst\u00e4dter\" \/>\n<meta property=\"article:modified_time\" content=\"2025-12-15T08:15:14+00:00\" \/>\n<meta name=\"twitter:card\" content=\"summary_large_image\" \/>\n<meta name=\"twitter:label1\" content=\"Gesch\u00e4tzte Lesezeit\" \/>\n\t<meta name=\"twitter:data1\" content=\"4\u00a0Minuten\" \/>\n<script type=\"application\/ld+json\" class=\"yoast-schema-graph\">{\"@context\":\"https:\/\/schema.org\",\"@graph\":[{\"@type\":\"WebPage\",\"@id\":\"https:\/\/www.xn--dr-hofstdter-ncb.at\/?page_id=72\",\"url\":\"https:\/\/www.xn--dr-hofstdter-ncb.at\/?page_id=72\",\"name\":\"RezeptBox - Gruppenpraxis Dr. Hofst\u00e4dter\",\"isPartOf\":{\"@id\":\"https:\/\/www.xn--dr-hofstdter-ncb.at\/#website\"},\"datePublished\":\"2024-06-26T11:13:42+00:00\",\"dateModified\":\"2025-12-15T08:15:14+00:00\",\"breadcrumb\":{\"@id\":\"https:\/\/www.xn--dr-hofstdter-ncb.at\/?page_id=72#breadcrumb\"},\"inLanguage\":\"de\",\"potentialAction\":[{\"@type\":\"ReadAction\",\"target\":[\"https:\/\/www.xn--dr-hofstdter-ncb.at\/?page_id=72\"]}]},{\"@type\":\"BreadcrumbList\",\"@id\":\"https:\/\/www.xn--dr-hofstdter-ncb.at\/?page_id=72#breadcrumb\",\"itemListElement\":[{\"@type\":\"ListItem\",\"position\":1,\"name\":\"Startseite\",\"item\":\"https:\/\/www.xn--dr-hofstdter-ncb.at\/\"},{\"@type\":\"ListItem\",\"position\":2,\"name\":\"RezeptBox\"}]},{\"@type\":\"WebSite\",\"@id\":\"https:\/\/www.xn--dr-hofstdter-ncb.at\/#website\",\"url\":\"https:\/\/www.xn--dr-hofstdter-ncb.at\/\",\"name\":\"Gruppenpraxis Dr. Hofst\u00e4dter\",\"description\":\"\u00c4rzte f\u00fcr Allgemeinmedizin\",\"potentialAction\":[{\"@type\":\"SearchAction\",\"target\":{\"@type\":\"EntryPoint\",\"urlTemplate\":\"https:\/\/www.xn--dr-hofstdter-ncb.at\/?s={search_term_string}\"},\"query-input\":{\"@type\":\"PropertyValueSpecification\",\"valueRequired\":true,\"valueName\":\"search_term_string\"}}],\"inLanguage\":\"de\"}]}<\/script>\n<!-- \/ Yoast SEO plugin. -->","yoast_head_json":{"title":"RezeptBox - Gruppenpraxis Dr. Hofst\u00e4dter","robots":{"index":"index","follow":"follow","max-snippet":"max-snippet:-1","max-image-preview":"max-image-preview:large","max-video-preview":"max-video-preview:-1"},"canonical":"https:\/\/www.xn--dr-hofstdter-ncb.at\/?page_id=72","og_locale":"de_DE","og_type":"article","og_title":"RezeptBox - Gruppenpraxis Dr. Hofst\u00e4dter","og_url":"https:\/\/www.xn--dr-hofstdter-ncb.at\/?page_id=72","og_site_name":"Gruppenpraxis Dr. Hofst\u00e4dter","article_modified_time":"2025-12-15T08:15:14+00:00","twitter_card":"summary_large_image","twitter_misc":{"Gesch\u00e4tzte Lesezeit":"4\u00a0Minuten"},"schema":{"@context":"https:\/\/schema.org","@graph":[{"@type":"WebPage","@id":"https:\/\/www.xn--dr-hofstdter-ncb.at\/?page_id=72","url":"https:\/\/www.xn--dr-hofstdter-ncb.at\/?page_id=72","name":"RezeptBox - Gruppenpraxis Dr. Hofst\u00e4dter","isPartOf":{"@id":"https:\/\/www.xn--dr-hofstdter-ncb.at\/#website"},"datePublished":"2024-06-26T11:13:42+00:00","dateModified":"2025-12-15T08:15:14+00:00","breadcrumb":{"@id":"https:\/\/www.xn--dr-hofstdter-ncb.at\/?page_id=72#breadcrumb"},"inLanguage":"de","potentialAction":[{"@type":"ReadAction","target":["https:\/\/www.xn--dr-hofstdter-ncb.at\/?page_id=72"]}]},{"@type":"BreadcrumbList","@id":"https:\/\/www.xn--dr-hofstdter-ncb.at\/?page_id=72#breadcrumb","itemListElement":[{"@type":"ListItem","position":1,"name":"Startseite","item":"https:\/\/www.xn--dr-hofstdter-ncb.at\/"},{"@type":"ListItem","position":2,"name":"RezeptBox"}]},{"@type":"WebSite","@id":"https:\/\/www.xn--dr-hofstdter-ncb.at\/#website","url":"https:\/\/www.xn--dr-hofstdter-ncb.at\/","name":"Gruppenpraxis Dr. Hofst\u00e4dter","description":"\u00c4rzte f\u00fcr Allgemeinmedizin","potentialAction":[{"@type":"SearchAction","target":{"@type":"EntryPoint","urlTemplate":"https:\/\/www.xn--dr-hofstdter-ncb.at\/?s={search_term_string}"},"query-input":{"@type":"PropertyValueSpecification","valueRequired":true,"valueName":"search_term_string"}}],"inLanguage":"de"}]}},"_links":{"self":[{"href":"https:\/\/www.xn--dr-hofstdter-ncb.at\/index.php?rest_route=\/wp\/v2\/pages\/72","targetHints":{"allow":["GET"]}}],"collection":[{"href":"https:\/\/www.xn--dr-hofstdter-ncb.at\/index.php?rest_route=\/wp\/v2\/pages"}],"about":[{"href":"https:\/\/www.xn--dr-hofstdter-ncb.at\/index.php?rest_route=\/wp\/v2\/types\/page"}],"author":[{"embeddable":true,"href":"https:\/\/www.xn--dr-hofstdter-ncb.at\/index.php?rest_route=\/wp\/v2\/users\/1"}],"replies":[{"embeddable":true,"href":"https:\/\/www.xn--dr-hofstdter-ncb.at\/index.php?rest_route=%2Fwp%2Fv2%2Fcomments&post=72"}],"version-history":[{"count":4,"href":"https:\/\/www.xn--dr-hofstdter-ncb.at\/index.php?rest_route=\/wp\/v2\/pages\/72\/revisions"}],"predecessor-version":[{"id":92,"href":"https:\/\/www.xn--dr-hofstdter-ncb.at\/index.php?rest_route=\/wp\/v2\/pages\/72\/revisions\/92"}],"wp:attachment":[{"href":"https:\/\/www.xn--dr-hofstdter-ncb.at\/index.php?rest_route=%2Fwp%2Fv2%2Fmedia&parent=72"}],"curies":[{"name":"wp","href":"https:\/\/api.w.org\/{rel}","templated":true}]}}